{"id":10,"date":"2026-02-06T10:55:14","date_gmt":"2026-02-06T09:55:14","guid":{"rendered":"http:\/\/naisey.nathan-batista-balanche.fr\/?page_id=10"},"modified":"2026-02-06T10:58:23","modified_gmt":"2026-02-06T09:58:23","slug":"accueil-naisey-les-granges","status":"publish","type":"page","link":"https:\/\/naisey.nathan-batista-balanche.fr\/index.php\/accueil-naisey-les-granges\/","title":{"rendered":"Accueil Naisey les granges"},"content":{"rendered":"<ul class=\"wp-block-page-list\"><li class=\"wp-block-pages-list__item\"><a class=\"wp-block-pages-list__item__link\" href=\"https:\/\/naisey.nathan-batista-balanche.fr\/index.php\/accueil-naisey-les-granges\/\">Accueil Naisey les granges<\/a><\/li><li class=\"wp-block-pages-list__item\"><a class=\"wp-block-pages-list__item__link\" href=\"https:\/\/naisey.nathan-batista-balanche.fr\/index.php\/description\/\">Description<\/a><\/li><\/ul>\n\n\n<h3 class=\"wp-block-heading\">Bienvenue \u00e0 Naisey les granges<\/h3>\n\n\n\n<p>Petit village paisible du Doubs, en Bourgogne-Franche-Comt\u00e9, nich\u00e9 dans le Massif du Jura \u00e0 500-580 m d&rsquo;altitude. D\u00e9couvrez son charme rural et sa nature pr\u00e9serv\u00e9e, \u00e0 18 km sud-est de Besan\u00e7on.<a rel=\"noreferrer noopener\" target=\"_blank\" href=\"https:\/\/www.routedescommunes.com\/doubs\/baume-les-dames\/naisey-les-granges\"><\/a><\/p>\n\n\n\n<h3 class=\"wp-block-heading\">Points forts<\/h3>\n\n\n\n<ul class=\"wp-block-list\">\n<li><strong>804 habitants<\/strong>&nbsp;(nais\u00e9ens et nais\u00e9ennes) sur 25,13 km\u00b2, densit\u00e9 32 hab\/km\u00b2.<a href=\"https:\/\/communesdefrance.com\/commune\/naisey-les-granges-25360\" target=\"_blank\" rel=\"noreferrer noopener\"><\/a><\/li>\n\n\n\n<li>\u00c9glise Saint-L\u00e9ger du XIIe si\u00e8cle, class\u00e9e monument historique.<a href=\"https:\/\/communesdefrance.com\/commune\/naisey-les-granges-25360\" target=\"_blank\" rel=\"noreferrer noopener\"><\/a>\u200b<\/li>\n\n\n\n<li>For\u00eats, randonn\u00e9es et agriculture (lait, \u00e9levage).<\/li>\n<\/ul>\n\n\n\n<p><\/p>\n","protected":false},"excerpt":{"rendered":"<p>Bienvenue \u00e0 Naisey les granges Petit village paisible du Doubs, en Bourgogne-Franche-Comt\u00e9, nich\u00e9 dans le Massif du Jura \u00e0 500-580 [&hellip;]<\/p>\n","protected":false},"author":1,"featured_media":0,"parent":0,"menu_order":0,"comment_status":"closed","ping_status":"closed","template":"","meta":{"site-sidebar-layout":"default","site-content-layout":"","ast-site-content-layout":"default","site-content-style":"default","site-sidebar-style":"default","ast-global-header-display":"","ast-banner-title-visibility":"","ast-main-header-display":"","ast-hfb-above-header-display":"","ast-hfb-below-header-display":"","ast-hfb-mobile-header-display":"","site-post-title":"","ast-breadcrumbs-content":"","ast-featured-img":"","footer-sml-layout":"","ast-disable-related-posts":"","theme-transparent-header-meta":"","adv-header-id-meta":"","stick-header-meta":"","header-above-stick-meta":"","header-main-stick-meta":"","header-below-stick-meta":"","astra-migrate-meta-layouts":"default","ast-page-background-enabled":"default","ast-page-background-meta":{"desktop":{"background-color":"var(--ast-global-color-5)","background-image":"","background-repeat":"repeat","background-position":"center center","background-size":"auto","background-attachment":"scroll","background-type":"","background-media":"","overlay-type":"","overlay-color":"","overlay-opacity":"","overlay-gradient":""},"tablet":{"background-color":"","background-image":"","background-repeat":"repeat","background-position":"center center","background-size":"auto","background-attachment":"scroll","background-type":"","background-media":"","overlay-type":"","overlay-color":"","overlay-opacity":"","overlay-gradient":""},"mobile":{"background-color":"","background-image":"","background-repeat":"repeat","background-position":"center center","background-size":"auto","background-attachment":"scroll","background-type":"","background-media":"","overlay-type":"","overlay-color":"","overlay-opacity":"","overlay-gradient":""}},"ast-content-background-meta":{"desktop":{"background-color":"var(--ast-global-color-4)","background-image":"","background-repeat":"repeat","background-position":"center center","background-size":"auto","background-attachment":"scroll","background-type":"","background-media":"","overlay-type":"","overlay-color":"","overlay-opacity":"","overlay-gradient":""},"tablet":{"background-color":"var(--ast-global-color-4)","background-image":"","background-repeat":"repeat","background-position":"center center","background-size":"auto","background-attachment":"scroll","background-type":"","background-media":"","overlay-type":"","overlay-color":"","overlay-opacity":"","overlay-gradient":""},"mobile":{"background-color":"var(--ast-global-color-4)","background-image":"","background-repeat":"repeat","background-position":"center center","background-size":"auto","background-attachment":"scroll","background-type":"","background-media":"","overlay-type":"","overlay-color":"","overlay-opacity":"","overlay-gradient":""}},"footnotes":""},"class_list":["post-10","page","type-page","status-publish","hentry"],"_links":{"self":[{"href":"https:\/\/naisey.nathan-batista-balanche.fr\/index.php\/wp-json\/wp\/v2\/pages\/10","targetHints":{"allow":["GET"]}}],"collection":[{"href":"https:\/\/naisey.nathan-batista-balanche.fr\/index.php\/wp-json\/wp\/v2\/pages"}],"about":[{"href":"https:\/\/naisey.nathan-batista-balanche.fr\/index.php\/wp-json\/wp\/v2\/types\/page"}],"author":[{"embeddable":true,"href":"https:\/\/naisey.nathan-batista-balanche.fr\/index.php\/wp-json\/wp\/v2\/users\/1"}],"replies":[{"embeddable":true,"href":"https:\/\/naisey.nathan-batista-balanche.fr\/index.php\/wp-json\/wp\/v2\/comments?post=10"}],"version-history":[{"count":3,"href":"https:\/\/naisey.nathan-batista-balanche.fr\/index.php\/wp-json\/wp\/v2\/pages\/10\/revisions"}],"predecessor-version":[{"id":13,"href":"https:\/\/naisey.nathan-batista-balanche.fr\/index.php\/wp-json\/wp\/v2\/pages\/10\/revisions\/13"}],"wp:attachment":[{"href":"https:\/\/naisey.nathan-batista-balanche.fr\/index.php\/wp-json\/wp\/v2\/media?parent=10"}],"curies":[{"name":"wp","href":"https:\/\/api.w.org\/{rel}","templated":true}]}}